{"id":1496,"date":"2024-10-18T16:59:29","date_gmt":"2024-10-18T16:59:29","guid":{"rendered":"https:\/\/www.coopevian.com\/web2024\/?page_id=1496"},"modified":"2024-10-30T16:42:46","modified_gmt":"2024-10-30T16:42:46","slug":"nueva-imagen","status":"publish","type":"page","link":"https:\/\/www.coopevian.com\/web2024\/nueva-imagen\/","title":{"rendered":"Nueva Imagen"},"content":{"rendered":"\t\t<div data-elementor-type=\"wp-page\" data-elementor-id=\"1496\" class=\"elementor elementor-1496\" data-elementor-settings=\"{&quot;element_pack_global_tooltip_width&quot;:{&quot;unit&quot;:&quot;px&quot;,&quot;size&quot;:&quot;&quot;,&quot;sizes&quot;:[]},&quot;element_pack_global_tooltip_width_tablet&quot;:{&quot;unit&quot;:&quot;px&quot;,&quot;size&quot;:&quot;&quot;,&quot;sizes&quot;:[]},&quot;element_pack_global_tooltip_width_mobile&quot;:{&quot;unit&quot;:&quot;px&quot;,&quot;size&quot;:&quot;&quot;,&quot;sizes&quot;:[]},&quot;element_pack_global_tooltip_padding&quot;:{&quot;unit&quot;:&quot;px&quot;,&quot;top&quot;:&quot;&quot;,&quot;right&quot;:&quot;&quot;,&quot;bottom&quot;:&quot;&quot;,&quot;left&quot;:&quot;&quot;,&quot;isLinked&quot;:true},&quot;element_pack_global_tooltip_padding_tablet&quot;:{&quot;unit&quot;:&quot;px&quot;,&quot;top&quot;:&quot;&quot;,&quot;right&quot;:&quot;&quot;,&quot;bottom&quot;:&quot;&quot;,&quot;left&quot;:&quot;&quot;,&quot;isLinked&quot;:true},&quot;element_pack_global_tooltip_padding_mobile&quot;:{&quot;unit&quot;:&quot;px&quot;,&quot;top&quot;:&quot;&quot;,&quot;right&quot;:&quot;&quot;,&quot;bottom&quot;:&quot;&quot;,&quot;left&quot;:&quot;&quot;,&quot;isLinked&quot;:true},&quot;element_pack_global_tooltip_border_radius&quot;:{&quot;unit&quot;:&quot;px&quot;,&quot;top&quot;:&quot;&quot;,&quot;right&quot;:&quot;&quot;,&quot;bottom&quot;:&quot;&quot;,&quot;left&quot;:&quot;&quot;,&quot;isLinked&quot;:true},&quot;element_pack_global_tooltip_border_radius_tablet&quot;:{&quot;unit&quot;:&quot;px&quot;,&quot;top&quot;:&quot;&quot;,&quot;right&quot;:&quot;&quot;,&quot;bottom&quot;:&quot;&quot;,&quot;left&quot;:&quot;&quot;,&quot;isLinked&quot;:true},&quot;element_pack_global_tooltip_border_radius_mobile&quot;:{&quot;unit&quot;:&quot;px&quot;,&quot;top&quot;:&quot;&quot;,&quot;right&quot;:&quot;&quot;,&quot;bottom&quot;:&quot;&quot;,&quot;left&quot;:&quot;&quot;,&quot;isLinked&quot;:true}}\" data-elementor-post-type=\"page\">\n\t\t\t\t<div data-dce-background-overlay-image-url=\"https:\/\/www.coopevian.com\/web2024\/wp-content\/uploads\/2024\/10\/banner_intranet_3.webp\" class=\"elementor-element elementor-element-92dd4d2 e-con-full e-flex elementor-invisible e-con e-parent\" data-id=\"92dd4d2\" data-element_type=\"container\" data-e-type=\"container\" data-settings=\"{&quot;background_background&quot;:&quot;classic&quot;,&quot;animation&quot;:&quot;fadeIn&quot;}\">\n\t\t<div class=\"elementor-element elementor-element-3dbe6363 e-flex e-con-boxed e-con e-child\" data-id=\"3dbe6363\" data-element_type=\"container\" data-e-type=\"container\">\n\t\t\t\t\t<div class=\"e-con-inner\">\n\t\t<div class=\"elementor-element elementor-element-4078c0a5 e-con-full e-flex e-con e-child\" data-id=\"4078c0a5\" data-element_type=\"container\" data-e-type=\"container\">\n\t\t\t\t<div class=\"elementor-element elementor-element-4db88983 elementor-widget elementor-widget-heading\" data-id=\"4db88983\" data-element_type=\"widget\" data-e-type=\"widget\" data-widget_type=\"heading.default\">\n\t\t\t\t<div class=\"elementor-widget-container\">\n\t\t\t\t\t<h4 class=\"elementor-heading-title elementor-size-default\">NUESTRA NUEVA IMAGEN<\/h4>\t\t\t\t<\/div>\n\t\t\t\t<\/div>\n\t\t\t\t<div class=\"elementor-element elementor-element-2a2f4795 elementor-widget-divider--view-line elementor-widget elementor-widget-divider\" data-id=\"2a2f4795\" data-element_type=\"widget\" data-e-type=\"widget\" data-widget_type=\"divider.default\">\n\t\t\t\t<div class=\"elementor-widget-container\">\n\t\t\t\t\t\t\t<div class=\"elementor-divider\">\n\t\t\t<span class=\"elementor-divider-separator\">\n\t\t\t\t\t\t<\/span>\n\t\t<\/div>\n\t\t\t\t\t\t<\/div>\n\t\t\t\t<\/div>\n\t\t\t\t<div class=\"elementor-element elementor-element-6c21cdcc elementor-align-left elementor-widget elementor-widget-breadcrumbs\" data-id=\"6c21cdcc\" data-element_type=\"widget\" data-e-type=\"widget\" data-widget_type=\"breadcrumbs.default\">\n\t\t\t\t<div class=\"elementor-widget-container\">\n\t\t\t\t\t<p id=\"breadcrumbs\"><span><span><a href=\"https:\/\/www.coopevian.com\/web2024\/\">Inicio<\/a><\/span><\/span><\/p>\t\t\t\t<\/div>\n\t\t\t\t<\/div>\n\t\t\t\t<\/div>\n\t\t\t\t\t<\/div>\n\t\t\t\t<\/div>\n\t\t\t\t<\/div>\n\t\t<div class=\"elementor-element elementor-element-23dc894a e-con-full e-flex elementor-invisible e-con e-parent\" data-id=\"23dc894a\" data-element_type=\"container\" data-e-type=\"container\" data-settings=\"{&quot;background_background&quot;:&quot;gradient&quot;,&quot;animation&quot;:&quot;fadeIn&quot;}\">\n\t\t<div data-dce-background-color=\"#1A449C\" class=\"elementor-element elementor-element-7fe4867b e-flex e-con-boxed e-con e-child\" data-id=\"7fe4867b\" data-element_type=\"container\" data-e-type=\"container\" data-settings=\"{&quot;background_background&quot;:&quot;gradient&quot;}\">\n\t\t\t\t\t<div class=\"e-con-inner\">\n\t\t<div class=\"elementor-element elementor-element-5d07a7a3 e-con-full e-flex elementor-invisible e-con e-child\" data-id=\"5d07a7a3\" data-element_type=\"container\" data-e-type=\"container\" data-settings=\"{&quot;animation&quot;:&quot;fadeInLeft&quot;}\">\n\t\t\t\t<div class=\"elementor-element elementor-element-2bd6f7dd elementor-widget elementor-widget-heading\" data-id=\"2bd6f7dd\" data-element_type=\"widget\" data-e-type=\"widget\" data-widget_type=\"heading.default\">\n\t\t\t\t<div class=\"elementor-widget-container\">\n\t\t\t\t\t<h1 class=\"elementor-heading-title elementor-size-default\">\u00a1Bienvenidos a la nueva era de<\/h1>\t\t\t\t<\/div>\n\t\t\t\t<\/div>\n\t\t\t\t<div class=\"elementor-element elementor-element-7ed531ee elementor-widget elementor-widget-heading\" data-id=\"7ed531ee\" data-element_type=\"widget\" data-e-type=\"widget\" data-widget_type=\"heading.default\">\n\t\t\t\t<div class=\"elementor-widget-container\">\n\t\t\t\t\t<h1 class=\"elementor-heading-title elementor-size-default\">Coopevian!<\/h1>\t\t\t\t<\/div>\n\t\t\t\t<\/div>\n\t\t\t\t<div class=\"elementor-element elementor-element-76205bc5 elementor-widget-divider--view-line elementor-widget elementor-widget-divider\" data-id=\"76205bc5\" data-element_type=\"widget\" data-e-type=\"widget\" data-widget_type=\"divider.default\">\n\t\t\t\t<div class=\"elementor-widget-container\">\n\t\t\t\t\t\t\t<div class=\"elementor-divider\">\n\t\t\t<span class=\"elementor-divider-separator\">\n\t\t\t\t\t\t<\/span>\n\t\t<\/div>\n\t\t\t\t\t\t<\/div>\n\t\t\t\t<\/div>\n\t\t\t\t<\/div>\n\t\t<div class=\"elementor-element elementor-element-748da536 e-con-full e-flex elementor-invisible e-con e-child\" data-id=\"748da536\" data-element_type=\"container\" data-e-type=\"container\" data-settings=\"{&quot;animation&quot;:&quot;fadeInRight&quot;}\">\n\t\t\t\t<div class=\"elementor-element elementor-element-6eac0fea elementor-widget elementor-widget-video\" data-id=\"6eac0fea\" data-element_type=\"widget\" data-e-type=\"widget\" data-settings=\"{&quot;youtube_url&quot;:&quot;https:\\\/\\\/youtu.be\\\/mt1qtI5rBRA&quot;,&quot;autoplay&quot;:&quot;yes&quot;,&quot;play_on_mobile&quot;:&quot;yes&quot;,&quot;video_type&quot;:&quot;youtube&quot;,&quot;controls&quot;:&quot;yes&quot;}\" data-widget_type=\"video.default\">\n\t\t\t\t<div class=\"elementor-widget-container\">\n\t\t\t\t\t\t\t<div class=\"elementor-wrapper elementor-open-inline\">\n\t\t\t<div class=\"elementor-video\"><\/div>\t\t<\/div>\n\t\t\t\t\t\t<\/div>\n\t\t\t\t<\/div>\n\t\t\t\t<\/div>\n\t\t\t\t\t<\/div>\n\t\t\t\t<\/div>\n\t\t\t\t<\/div>\n\t\t<div class=\"elementor-element elementor-element-168c1b5d e-flex e-con-boxed e-con e-parent\" data-id=\"168c1b5d\" data-element_type=\"container\" data-e-type=\"container\">\n\t\t\t\t\t<div class=\"e-con-inner\">\n\t\t<div class=\"elementor-element elementor-element-55257387 e-con-full e-flex elementor-invisible e-con e-child\" data-id=\"55257387\" data-element_type=\"container\" data-e-type=\"container\" data-settings=\"{&quot;animation&quot;:&quot;fadeInUp&quot;}\">\n\t\t\t\t<div class=\"elementor-element elementor-element-1e3951e8 elementor-widget-divider--view-line elementor-widget elementor-widget-divider\" data-id=\"1e3951e8\" data-element_type=\"widget\" data-e-type=\"widget\" data-widget_type=\"divider.default\">\n\t\t\t\t<div class=\"elementor-widget-container\">\n\t\t\t\t\t\t\t<div class=\"elementor-divider\">\n\t\t\t<span class=\"elementor-divider-separator\">\n\t\t\t\t\t\t<\/span>\n\t\t<\/div>\n\t\t\t\t\t\t<\/div>\n\t\t\t\t<\/div>\n\t\t\t\t<div class=\"elementor-element elementor-element-fd02989 elementor-widget elementor-widget-text-editor\" data-id=\"fd02989\" data-element_type=\"widget\" data-e-type=\"widget\" data-widget_type=\"text-editor.default\">\n\t\t\t\t<div class=\"elementor-widget-container\">\n\t\t\t\t\t\t\t\t\t<div class=\"elementToProof\">Durante 48 a\u00f1os, Coopevian ha sido sin\u00f3nimo de protecci\u00f3n y confianza. Nuestra antigua imagen reflejaba la esencia del cooperativismo, de donde venimos y el compromiso con la seguridad y el bienestar de nuestros clientes, quienes conf\u00edan en nosotros para cuidar lo que m\u00e1s quieren. Sin embargo, el mundo evoluciona y nosotros tambi\u00e9n sentimos la necesidad de adaptarnos y avanzar para estar a la altura de las expectativas y los desaf\u00edos de hoy.<\/div><div>\u00a0<\/div><div>Cada d\u00eda, nuestros Asociados y Empleados se esfuerzan por ofrecer un servicio de excelencia, adaptado a las necesidades de nuestros clientes. Esta dedicaci\u00f3n y nuestro deseo de seguir a la vanguardia nos llevaron a considerar una evoluci\u00f3n en nuestra identidad visual. Quer\u00edamos que nuestra imagen no solo reflejara ese legado de confianza, sino tambi\u00e9n la durabilidad en el tiempo y nuestra visi\u00f3n de futuro, donde la cooperaci\u00f3n y la calidad se unen para ofrecer un servicio adaptado a los tiempos modernos.<\/div><div>\u00a0<\/div><div>As\u00ed naci\u00f3 la idea de renovar nuestro logo. No fue una decisi\u00f3n tomada a la ligera; sino que fue el resultado de un profundo an\u00e1lisis sobre qui\u00e9nes somos y hacia d\u00f3nde vamos. Nuestro logotipo simboliza los valores fundamentales del sector cooperativo integraci\u00f3n y trabajo en equipo. Las \u201coo\u201d unidas representan la cohesi\u00f3n y solidaridad mostrando que cada miembro es una parte vital de Coopevian, la \u201cV\u201d simboliza la confianza, calidad y seguridad con que prestamos nuestros servicios.<\/div>\t\t\t\t\t\t\t\t<\/div>\n\t\t\t\t<\/div>\n\t\t\t\t<div class=\"elementor-element elementor-element-9bbd7d3 elementor-widget elementor-widget-image\" data-id=\"9bbd7d3\" data-element_type=\"widget\" data-e-type=\"widget\" data-widget_type=\"image.default\">\n\t\t\t\t<div class=\"elementor-widget-container\">\n\t\t\t\t\t\t\t\t\t\t\t\t\t\t\t<img decoding=\"async\" width=\"300\" height=\"99\" src=\"https:\/\/www.coopevian.com\/web2024\/wp-content\/uploads\/2024\/10\/logo_color.webp\" class=\"attachment-full size-full wp-image-2425\" alt=\"\" \/>\t\t\t\t\t\t\t\t\t\t\t\t\t\t\t<\/div>\n\t\t\t\t<\/div>\n\t\t\t\t<div class=\"elementor-element elementor-element-7e33287 elementor-widget elementor-widget-image\" data-id=\"7e33287\" data-element_type=\"widget\" data-e-type=\"widget\" data-widget_type=\"image.default\">\n\t\t\t\t<div class=\"elementor-widget-container\">\n\t\t\t\t\t\t\t\t\t\t\t\t\t\t\t<img fetchpriority=\"high\" decoding=\"async\" width=\"1024\" height=\"694\" src=\"https:\/\/www.coopevian.com\/web2024\/wp-content\/uploads\/2024\/10\/explicacion_logo-1024x694.webp\" class=\"attachment-large size-large wp-image-2426\" alt=\"\" srcset=\"https:\/\/www.coopevian.com\/web2024\/wp-content\/uploads\/2024\/10\/explicacion_logo-1024x694.webp 1024w, https:\/\/www.coopevian.com\/web2024\/wp-content\/uploads\/2024\/10\/explicacion_logo-300x203.webp 300w, https:\/\/www.coopevian.com\/web2024\/wp-content\/uploads\/2024\/10\/explicacion_logo-768x521.webp 768w, https:\/\/www.coopevian.com\/web2024\/wp-content\/uploads\/2024\/10\/explicacion_logo.webp 1443w\" sizes=\"(max-width: 1024px) 100vw, 1024px\" \/>\t\t\t\t\t\t\t\t\t\t\t\t\t\t\t<\/div>\n\t\t\t\t<\/div>\n\t\t\t\t<div class=\"elementor-element elementor-element-e1e961c elementor-widget elementor-widget-text-editor\" data-id=\"e1e961c\" data-element_type=\"widget\" data-e-type=\"widget\" data-widget_type=\"text-editor.default\">\n\t\t\t\t<div class=\"elementor-widget-container\">\n\t\t\t\t\t\t\t\t\t<div>Este nuevo logo es nuestra manera de decir que estamos listos para los desaf\u00edos del futuro, sin olvidar lo que nos ha tra\u00eddo hasta aqu\u00ed. Con esta nueva imagen, reafirmamos nuestro compromiso de seguir siendo los mejores aliados en seguridad, cuidando lo que m\u00e1s quieres con la misma dedicaci\u00f3n de siempre, pero con una renovada visi\u00f3n hacia el ma\u00f1ana.<\/div>\t\t\t\t\t\t\t\t<\/div>\n\t\t\t\t<\/div>\n\t\t\t\t<\/div>\n\t\t\t\t\t<\/div>\n\t\t\t\t<\/div>\n\t\t\t\t<\/div>\n\t\t","protected":false},"excerpt":{"rendered":"<p>NUESTRA NUEVA IMAGEN \u00a1Bienvenidos a la nueva era de Coopevian! Durante 48 a\u00f1os, Coopevian ha sido sin\u00f3nimo de protecci\u00f3n y [&hellip;]<\/p>\n","protected":false},"author":1,"featured_media":0,"parent":0,"menu_order":0,"comment_status":"closed","ping_status":"closed","template":"","meta":{"site-sidebar-layout":"no-sidebar","site-content-layout":"","ast-site-content-layout":"full-width-container","site-content-style":"default","site-sidebar-style":"default","ast-global-header-display":"","ast-banner-title-visibility":"","ast-main-header-display":"","ast-hfb-above-header-display":"","ast-hfb-below-header-display":"","ast-hfb-mobile-header-display":"","site-post-title":"disabled","ast-breadcrumbs-content":"","ast-featured-img":"disabled","footer-sml-layout":"","theme-transparent-header-meta":"","adv-header-id-meta":"","stick-header-meta":"","header-above-stick-meta":"","header-main-stick-meta":"","header-below-stick-meta":"","astra-migrate-meta-layouts":"default","ast-page-background-enabled":"default","ast-page-background-meta":{"desktop":{"background-color":"var(--ast-global-color-4)","background-image":"","background-repeat":"repeat","background-position":"center center","background-size":"auto","background-attachment":"scroll","background-type":"","background-media":"","overlay-type":"","overlay-color":"","overlay-opacity":"","overlay-gradient":""},"tablet":{"background-color":"","background-image":"","background-repeat":"repeat","background-position":"center center","background-size":"auto","background-attachment":"scroll","background-type":"","background-media":"","overlay-type":"","overlay-color":"","overlay-opacity":"","overlay-gradient":""},"mobile":{"background-color":"","background-image":"","background-repeat":"repeat","background-position":"center center","background-size":"auto","background-attachment":"scroll","background-type":"","background-media":"","overlay-type":"","overlay-color":"","overlay-opacity":"","overlay-gradient":""}},"ast-content-background-meta":{"desktop":{"background-color":"var(--ast-global-color-5)","background-image":"","background-repeat":"repeat","background-position":"center center","background-size":"auto","background-attachment":"scroll","background-type":"","background-media":"","overlay-type":"","overlay-color":"","overlay-opacity":"","overlay-gradient":""},"tablet":{"background-color":"var(--ast-global-color-5)","background-image":"","background-repeat":"repeat","background-position":"center center","background-size":"auto","background-attachment":"scroll","background-type":"","background-media":"","overlay-type":"","overlay-color":"","overlay-opacity":"","overlay-gradient":""},"mobile":{"background-color":"var(--ast-global-color-5)","background-image":"","background-repeat":"repeat","background-position":"center center","background-size":"auto","background-attachment":"scroll","background-type":"","background-media":"","overlay-type":"","overlay-color":"","overlay-opacity":"","overlay-gradient":""}},"_joinchat":[],"footnotes":""},"class_list":["post-1496","page","type-page","status-publish","hentry"],"yoast_head":"<!-- This site is optimized with the Yoast SEO Premium plugin v27.0 (Yoast SEO v27.0) - https:\/\/yoast.com\/product\/yoast-seo-premium-wordpress\/ -->\n<title>Nueva Imagen - COOPEVIAN CTA<\/title>\n<meta name=\"robots\" content=\"index, follow, max-snippet:-1, max-image-preview:large, max-video-preview:-1\" \/>\n<link rel=\"canonical\" href=\"https:\/\/www.coopevian.com\/web2024\/nueva-imagen\/\" \/>\n<meta property=\"og:locale\" content=\"es_ES\" \/>\n<meta property=\"og:type\" content=\"article\" \/>\n<meta property=\"og:title\" content=\"Nueva Imagen\" \/>\n<meta property=\"og:description\" content=\"NUESTRA NUEVA IMAGEN \u00a1Bienvenidos a la nueva era de Coopevian! Durante 48 a\u00f1os, Coopevian ha sido sin\u00f3nimo de protecci\u00f3n y [&hellip;]\" \/>\n<meta property=\"og:url\" content=\"https:\/\/www.coopevian.com\/web2024\/nueva-imagen\/\" \/>\n<meta property=\"og:site_name\" content=\"COOPEVIAN CTA\" \/>\n<meta property=\"article:publisher\" content=\"https:\/\/www.facebook.com\/Coopevian\/\" \/>\n<meta property=\"article:modified_time\" content=\"2024-10-30T16:42:46+00:00\" \/>\n<meta property=\"og:image\" content=\"https:\/\/www.coopevian.com\/web2024\/wp-content\/uploads\/2024\/10\/logo_color.webp\" \/>\n<meta name=\"twitter:card\" content=\"summary_large_image\" \/>\n<meta name=\"twitter:label1\" content=\"Tiempo de lectura\" \/>\n\t<meta name=\"twitter:data1\" content=\"2 minutos\" \/>\n<script type=\"application\/ld+json\" class=\"yoast-schema-graph\">{\"@context\":\"https:\/\/schema.org\",\"@graph\":[{\"@type\":\"WebPage\",\"@id\":\"https:\/\/www.coopevian.com\/web2024\/nueva-imagen\/\",\"url\":\"https:\/\/www.coopevian.com\/web2024\/nueva-imagen\/\",\"name\":\"Nueva Imagen - COOPEVIAN CTA\",\"isPartOf\":{\"@id\":\"https:\/\/www.coopevian.com\/web2024\/#website\"},\"primaryImageOfPage\":{\"@id\":\"https:\/\/www.coopevian.com\/web2024\/nueva-imagen\/#primaryimage\"},\"image\":{\"@id\":\"https:\/\/www.coopevian.com\/web2024\/nueva-imagen\/#primaryimage\"},\"thumbnailUrl\":\"https:\/\/www.coopevian.com\/web2024\/wp-content\/uploads\/2024\/10\/logo_color.webp\",\"datePublished\":\"2024-10-18T16:59:29+00:00\",\"dateModified\":\"2024-10-30T16:42:46+00:00\",\"breadcrumb\":{\"@id\":\"https:\/\/www.coopevian.com\/web2024\/nueva-imagen\/#breadcrumb\"},\"inLanguage\":\"es\",\"potentialAction\":[{\"@type\":\"ReadAction\",\"target\":[\"https:\/\/www.coopevian.com\/web2024\/nueva-imagen\/\"]}]},{\"@type\":\"ImageObject\",\"inLanguage\":\"es\",\"@id\":\"https:\/\/www.coopevian.com\/web2024\/nueva-imagen\/#primaryimage\",\"url\":\"https:\/\/www.coopevian.com\/web2024\/wp-content\/uploads\/2024\/10\/logo_color.webp\",\"contentUrl\":\"https:\/\/www.coopevian.com\/web2024\/wp-content\/uploads\/2024\/10\/logo_color.webp\",\"width\":300,\"height\":99},{\"@type\":\"BreadcrumbList\",\"@id\":\"https:\/\/www.coopevian.com\/web2024\/nueva-imagen\/#breadcrumb\",\"itemListElement\":[{\"@type\":\"ListItem\",\"position\":1,\"name\":\"Inicio\",\"item\":\"https:\/\/www.coopevian.com\/web2024\/\"},{\"@type\":\"ListItem\",\"position\":2,\"name\":\"Nueva Imagen\"}]},{\"@type\":\"WebSite\",\"@id\":\"https:\/\/www.coopevian.com\/web2024\/#website\",\"url\":\"https:\/\/www.coopevian.com\/web2024\/\",\"name\":\"COOPEVIAN CTA\",\"description\":\"Cuidando lo que m\u00e1s quieres\",\"publisher\":{\"@id\":\"https:\/\/www.coopevian.com\/web2024\/#organization\"},\"potentialAction\":[{\"@type\":\"SearchAction\",\"target\":{\"@type\":\"EntryPoint\",\"urlTemplate\":\"https:\/\/www.coopevian.com\/web2024\/?s={search_term_string}\"},\"query-input\":{\"@type\":\"PropertyValueSpecification\",\"valueRequired\":true,\"valueName\":\"search_term_string\"}}],\"inLanguage\":\"es\"},{\"@type\":\"Organization\",\"@id\":\"https:\/\/www.coopevian.com\/web2024\/#organization\",\"name\":\"COOPEVIAN CTA\",\"url\":\"https:\/\/www.coopevian.com\/web2024\/\",\"logo\":{\"@type\":\"ImageObject\",\"inLanguage\":\"es\",\"@id\":\"https:\/\/www.coopevian.com\/web2024\/#\/schema\/logo\/image\/\",\"url\":\"https:\/\/www.coopevian.com\/web2024\/wp-content\/uploads\/2024\/09\/logo_coopevian_b.svg\",\"contentUrl\":\"https:\/\/www.coopevian.com\/web2024\/wp-content\/uploads\/2024\/09\/logo_coopevian_b.svg\",\"width\":212,\"height\":70,\"caption\":\"COOPEVIAN CTA\"},\"image\":{\"@id\":\"https:\/\/www.coopevian.com\/web2024\/#\/schema\/logo\/image\/\"},\"sameAs\":[\"https:\/\/www.facebook.com\/Coopevian\/\",\"https:\/\/www.youtube.com\/@CoopevianCTA\",\"https:\/\/www.instagram.com\/coopevian\/\",\"https:\/\/co.linkedin.com\/company\/coopevian-cta\"]}]}<\/script>\n<!-- \/ Yoast SEO Premium plugin. -->","yoast_head_json":{"title":"Nueva Imagen - COOPEVIAN CTA","robots":{"index":"index","follow":"follow","max-snippet":"max-snippet:-1","max-image-preview":"max-image-preview:large","max-video-preview":"max-video-preview:-1"},"canonical":"https:\/\/www.coopevian.com\/web2024\/nueva-imagen\/","og_locale":"es_ES","og_type":"article","og_title":"Nueva Imagen","og_description":"NUESTRA NUEVA IMAGEN \u00a1Bienvenidos a la nueva era de Coopevian! Durante 48 a\u00f1os, Coopevian ha sido sin\u00f3nimo de protecci\u00f3n y [&hellip;]","og_url":"https:\/\/www.coopevian.com\/web2024\/nueva-imagen\/","og_site_name":"COOPEVIAN CTA","article_publisher":"https:\/\/www.facebook.com\/Coopevian\/","article_modified_time":"2024-10-30T16:42:46+00:00","og_image":[{"url":"https:\/\/www.coopevian.com\/web2024\/wp-content\/uploads\/2024\/10\/logo_color.webp","type":"","width":"","height":""}],"twitter_card":"summary_large_image","twitter_misc":{"Tiempo de lectura":"2 minutos"},"schema":{"@context":"https:\/\/schema.org","@graph":[{"@type":"WebPage","@id":"https:\/\/www.coopevian.com\/web2024\/nueva-imagen\/","url":"https:\/\/www.coopevian.com\/web2024\/nueva-imagen\/","name":"Nueva Imagen - COOPEVIAN CTA","isPartOf":{"@id":"https:\/\/www.coopevian.com\/web2024\/#website"},"primaryImageOfPage":{"@id":"https:\/\/www.coopevian.com\/web2024\/nueva-imagen\/#primaryimage"},"image":{"@id":"https:\/\/www.coopevian.com\/web2024\/nueva-imagen\/#primaryimage"},"thumbnailUrl":"https:\/\/www.coopevian.com\/web2024\/wp-content\/uploads\/2024\/10\/logo_color.webp","datePublished":"2024-10-18T16:59:29+00:00","dateModified":"2024-10-30T16:42:46+00:00","breadcrumb":{"@id":"https:\/\/www.coopevian.com\/web2024\/nueva-imagen\/#breadcrumb"},"inLanguage":"es","potentialAction":[{"@type":"ReadAction","target":["https:\/\/www.coopevian.com\/web2024\/nueva-imagen\/"]}]},{"@type":"ImageObject","inLanguage":"es","@id":"https:\/\/www.coopevian.com\/web2024\/nueva-imagen\/#primaryimage","url":"https:\/\/www.coopevian.com\/web2024\/wp-content\/uploads\/2024\/10\/logo_color.webp","contentUrl":"https:\/\/www.coopevian.com\/web2024\/wp-content\/uploads\/2024\/10\/logo_color.webp","width":300,"height":99},{"@type":"BreadcrumbList","@id":"https:\/\/www.coopevian.com\/web2024\/nueva-imagen\/#breadcrumb","itemListElement":[{"@type":"ListItem","position":1,"name":"Inicio","item":"https:\/\/www.coopevian.com\/web2024\/"},{"@type":"ListItem","position":2,"name":"Nueva Imagen"}]},{"@type":"WebSite","@id":"https:\/\/www.coopevian.com\/web2024\/#website","url":"https:\/\/www.coopevian.com\/web2024\/","name":"COOPEVIAN CTA","description":"Cuidando lo que m\u00e1s quieres","publisher":{"@id":"https:\/\/www.coopevian.com\/web2024\/#organization"},"potentialAction":[{"@type":"SearchAction","target":{"@type":"EntryPoint","urlTemplate":"https:\/\/www.coopevian.com\/web2024\/?s={search_term_string}"},"query-input":{"@type":"PropertyValueSpecification","valueRequired":true,"valueName":"search_term_string"}}],"inLanguage":"es"},{"@type":"Organization","@id":"https:\/\/www.coopevian.com\/web2024\/#organization","name":"COOPEVIAN CTA","url":"https:\/\/www.coopevian.com\/web2024\/","logo":{"@type":"ImageObject","inLanguage":"es","@id":"https:\/\/www.coopevian.com\/web2024\/#\/schema\/logo\/image\/","url":"https:\/\/www.coopevian.com\/web2024\/wp-content\/uploads\/2024\/09\/logo_coopevian_b.svg","contentUrl":"https:\/\/www.coopevian.com\/web2024\/wp-content\/uploads\/2024\/09\/logo_coopevian_b.svg","width":212,"height":70,"caption":"COOPEVIAN CTA"},"image":{"@id":"https:\/\/www.coopevian.com\/web2024\/#\/schema\/logo\/image\/"},"sameAs":["https:\/\/www.facebook.com\/Coopevian\/","https:\/\/www.youtube.com\/@CoopevianCTA","https:\/\/www.instagram.com\/coopevian\/","https:\/\/co.linkedin.com\/company\/coopevian-cta"]}]}},"_links":{"self":[{"href":"https:\/\/www.coopevian.com\/web2024\/wp-json\/wp\/v2\/pages\/1496","targetHints":{"allow":["GET"]}}],"collection":[{"href":"https:\/\/www.coopevian.com\/web2024\/wp-json\/wp\/v2\/pages"}],"about":[{"href":"https:\/\/www.coopevian.com\/web2024\/wp-json\/wp\/v2\/types\/page"}],"author":[{"embeddable":true,"href":"https:\/\/www.coopevian.com\/web2024\/wp-json\/wp\/v2\/users\/1"}],"replies":[{"embeddable":true,"href":"https:\/\/www.coopevian.com\/web2024\/wp-json\/wp\/v2\/comments?post=1496"}],"version-history":[{"count":25,"href":"https:\/\/www.coopevian.com\/web2024\/wp-json\/wp\/v2\/pages\/1496\/revisions"}],"predecessor-version":[{"id":3527,"href":"https:\/\/www.coopevian.com\/web2024\/wp-json\/wp\/v2\/pages\/1496\/revisions\/3527"}],"wp:attachment":[{"href":"https:\/\/www.coopevian.com\/web2024\/wp-json\/wp\/v2\/media?parent=1496"}],"curies":[{"name":"wp","href":"https:\/\/api.w.org\/{rel}","templated":true}]}}