{"id":641,"date":"2024-10-08T14:32:20","date_gmt":"2024-10-08T14:32:20","guid":{"rendered":"https:\/\/www.coopevian.com\/web2024\/?page_id=641"},"modified":"2026-01-30T15:46:52","modified_gmt":"2026-01-30T15:46:52","slug":"quienes-somos","status":"publish","type":"page","link":"https:\/\/www.coopevian.com\/web2024\/quienes-somos\/","title":{"rendered":"\u00bfQuienes Somos?"},"content":{"rendered":"\t\t<div data-elementor-type=\"wp-page\" data-elementor-id=\"641\" class=\"elementor elementor-641\" data-elementor-settings=\"{&quot;element_pack_global_tooltip_width&quot;:{&quot;unit&quot;:&quot;px&quot;,&quot;size&quot;:&quot;&quot;,&quot;sizes&quot;:[]},&quot;element_pack_global_tooltip_width_tablet&quot;:{&quot;unit&quot;:&quot;px&quot;,&quot;size&quot;:&quot;&quot;,&quot;sizes&quot;:[]},&quot;element_pack_global_tooltip_width_mobile&quot;:{&quot;unit&quot;:&quot;px&quot;,&quot;size&quot;:&quot;&quot;,&quot;sizes&quot;:[]},&quot;element_pack_global_tooltip_padding&quot;:{&quot;unit&quot;:&quot;px&quot;,&quot;top&quot;:&quot;&quot;,&quot;right&quot;:&quot;&quot;,&quot;bottom&quot;:&quot;&quot;,&quot;left&quot;:&quot;&quot;,&quot;isLinked&quot;:true},&quot;element_pack_global_tooltip_padding_tablet&quot;:{&quot;unit&quot;:&quot;px&quot;,&quot;top&quot;:&quot;&quot;,&quot;right&quot;:&quot;&quot;,&quot;bottom&quot;:&quot;&quot;,&quot;left&quot;:&quot;&quot;,&quot;isLinked&quot;:true},&quot;element_pack_global_tooltip_padding_mobile&quot;:{&quot;unit&quot;:&quot;px&quot;,&quot;top&quot;:&quot;&quot;,&quot;right&quot;:&quot;&quot;,&quot;bottom&quot;:&quot;&quot;,&quot;left&quot;:&quot;&quot;,&quot;isLinked&quot;:true},&quot;element_pack_global_tooltip_border_radius&quot;:{&quot;unit&quot;:&quot;px&quot;,&quot;top&quot;:&quot;&quot;,&quot;right&quot;:&quot;&quot;,&quot;bottom&quot;:&quot;&quot;,&quot;left&quot;:&quot;&quot;,&quot;isLinked&quot;:true},&quot;element_pack_global_tooltip_border_radius_tablet&quot;:{&quot;unit&quot;:&quot;px&quot;,&quot;top&quot;:&quot;&quot;,&quot;right&quot;:&quot;&quot;,&quot;bottom&quot;:&quot;&quot;,&quot;left&quot;:&quot;&quot;,&quot;isLinked&quot;:true},&quot;element_pack_global_tooltip_border_radius_mobile&quot;:{&quot;unit&quot;:&quot;px&quot;,&quot;top&quot;:&quot;&quot;,&quot;right&quot;:&quot;&quot;,&quot;bottom&quot;:&quot;&quot;,&quot;left&quot;:&quot;&quot;,&quot;isLinked&quot;:true}}\" data-elementor-post-type=\"page\">\n\t\t\t\t<div data-dce-background-overlay-image-url=\"https:\/\/www.coopevian.com\/web2024\/wp-content\/uploads\/2024\/10\/image_vigilancia_fija.webp\" class=\"elementor-element elementor-element-92dd4d2 e-con-full e-flex elementor-invisible e-con e-parent\" data-id=\"92dd4d2\" data-element_type=\"container\" data-e-type=\"container\" data-settings=\"{&quot;background_background&quot;:&quot;classic&quot;,&quot;animation&quot;:&quot;fadeIn&quot;}\">\n\t\t<div class=\"elementor-element elementor-element-3dbe6363 e-flex e-con-boxed e-con e-child\" data-id=\"3dbe6363\" data-element_type=\"container\" data-e-type=\"container\">\n\t\t\t\t\t<div class=\"e-con-inner\">\n\t\t<div class=\"elementor-element elementor-element-4078c0a5 e-con-full e-flex e-con e-child\" data-id=\"4078c0a5\" data-element_type=\"container\" data-e-type=\"container\">\n\t\t\t\t<div class=\"elementor-element elementor-element-4db88983 elementor-widget elementor-widget-heading\" data-id=\"4db88983\" data-element_type=\"widget\" data-e-type=\"widget\" data-widget_type=\"heading.default\">\n\t\t\t\t<div class=\"elementor-widget-container\">\n\t\t\t\t\t<h4 class=\"elementor-heading-title elementor-size-default\">NUESTRA COOPERATIVA<\/h4>\t\t\t\t<\/div>\n\t\t\t\t<\/div>\n\t\t\t\t<div class=\"elementor-element elementor-element-2a2f4795 elementor-widget-divider--view-line elementor-widget elementor-widget-divider\" data-id=\"2a2f4795\" data-element_type=\"widget\" data-e-type=\"widget\" data-widget_type=\"divider.default\">\n\t\t\t\t<div class=\"elementor-widget-container\">\n\t\t\t\t\t\t\t<div class=\"elementor-divider\">\n\t\t\t<span class=\"elementor-divider-separator\">\n\t\t\t\t\t\t<\/span>\n\t\t<\/div>\n\t\t\t\t\t\t<\/div>\n\t\t\t\t<\/div>\n\t\t\t\t<div class=\"elementor-element elementor-element-6c21cdcc elementor-align-left elementor-widget elementor-widget-breadcrumbs\" data-id=\"6c21cdcc\" data-element_type=\"widget\" data-e-type=\"widget\" data-widget_type=\"breadcrumbs.default\">\n\t\t\t\t<div class=\"elementor-widget-container\">\n\t\t\t\t\t<p id=\"breadcrumbs\"><span><span><a href=\"https:\/\/www.coopevian.com\/web2024\/\">Inicio<\/a><\/span><\/span><\/p>\t\t\t\t<\/div>\n\t\t\t\t<\/div>\n\t\t\t\t<\/div>\n\t\t\t\t\t<\/div>\n\t\t\t\t<\/div>\n\t\t\t\t<\/div>\n\t\t<div class=\"elementor-element elementor-element-23dc894a e-con-full e-flex elementor-invisible e-con e-parent\" data-id=\"23dc894a\" data-element_type=\"container\" data-e-type=\"container\" data-settings=\"{&quot;background_background&quot;:&quot;gradient&quot;,&quot;animation&quot;:&quot;fadeIn&quot;}\">\n\t\t<div data-dce-background-color=\"#1A449C\" class=\"elementor-element elementor-element-7fe4867b e-flex e-con-boxed e-con e-child\" data-id=\"7fe4867b\" data-element_type=\"container\" data-e-type=\"container\" data-settings=\"{&quot;background_background&quot;:&quot;gradient&quot;}\">\n\t\t\t\t\t<div class=\"e-con-inner\">\n\t\t<div class=\"elementor-element elementor-element-c294ac1 e-con-full e-flex e-con e-child\" data-id=\"c294ac1\" data-element_type=\"container\" data-e-type=\"container\">\n\t\t<div class=\"elementor-element elementor-element-5d07a7a3 e-con-full e-flex elementor-invisible e-con e-child\" data-id=\"5d07a7a3\" data-element_type=\"container\" data-e-type=\"container\" data-settings=\"{&quot;animation&quot;:&quot;fadeInLeft&quot;}\">\n\t\t\t\t<div class=\"elementor-element elementor-element-2bd6f7dd elementor-widget elementor-widget-heading\" data-id=\"2bd6f7dd\" data-element_type=\"widget\" data-e-type=\"widget\" data-widget_type=\"heading.default\">\n\t\t\t\t<div class=\"elementor-widget-container\">\n\t\t\t\t\t<h1 class=\"elementor-heading-title elementor-size-default\">\u00bfQUI\u00c9NES<\/h1>\t\t\t\t<\/div>\n\t\t\t\t<\/div>\n\t\t\t\t<div class=\"elementor-element elementor-element-7ed531ee elementor-widget elementor-widget-heading\" data-id=\"7ed531ee\" data-element_type=\"widget\" data-e-type=\"widget\" data-widget_type=\"heading.default\">\n\t\t\t\t<div class=\"elementor-widget-container\">\n\t\t\t\t\t<h1 class=\"elementor-heading-title elementor-size-default\">SOMOS?<\/h1>\t\t\t\t<\/div>\n\t\t\t\t<\/div>\n\t\t\t\t<div class=\"elementor-element elementor-element-76205bc5 elementor-widget-divider--view-line elementor-widget elementor-widget-divider\" data-id=\"76205bc5\" data-element_type=\"widget\" data-e-type=\"widget\" data-widget_type=\"divider.default\">\n\t\t\t\t<div class=\"elementor-widget-container\">\n\t\t\t\t\t\t\t<div class=\"elementor-divider\">\n\t\t\t<span class=\"elementor-divider-separator\">\n\t\t\t\t\t\t<\/span>\n\t\t<\/div>\n\t\t\t\t\t\t<\/div>\n\t\t\t\t<\/div>\n\t\t\t\t<div data-dce-background-color=\"#EA870300\" class=\"elementor-element elementor-element-421ce8eb elementor-align-justify elementor-widget elementor-widget-button\" data-id=\"421ce8eb\" data-element_type=\"widget\" data-e-type=\"widget\" data-widget_type=\"button.default\">\n\t\t\t\t<div class=\"elementor-widget-container\">\n\t\t\t\t\t\t\t\t\t<div class=\"elementor-button-wrapper\">\n\t\t\t\t\t<a class=\"elementor-button elementor-button-link elementor-size-sm\" href=\"#\">\n\t\t\t\t\t\t<span class=\"elementor-button-content-wrapper\">\n\t\t\t\t\t\t<span class=\"elementor-button-icon\">\n\t\t\t\t<svg aria-hidden=\"true\" class=\"e-font-icon-svg e-fas-arrow-right\" viewBox=\"0 0 448 512\" xmlns=\"http:\/\/www.w3.org\/2000\/svg\"><path d=\"M190.5 66.9l22.2-22.2c9.4-9.4 24.6-9.4 33.9 0L441 239c9.4 9.4 9.4 24.6 0 33.9L246.6 467.3c-9.4 9.4-24.6 9.4-33.9 0l-22.2-22.2c-9.5-9.5-9.3-25 .4-34.3L311.4 296H24c-13.3 0-24-10.7-24-24v-32c0-13.3 10.7-24 24-24h287.4L190.9 101.2c-9.8-9.3-10-24.8-.4-34.3z\"><\/path><\/svg>\t\t\t<\/span>\n\t\t\t\t\t\t\t\t\t<span class=\"elementor-button-text\">HABLA CON NOSOTROS<\/span>\n\t\t\t\t\t<\/span>\n\t\t\t\t\t<\/a>\n\t\t\t\t<\/div>\n\t\t\t\t\t\t\t\t<\/div>\n\t\t\t\t<\/div>\n\t\t\t\t<\/div>\n\t\t<div class=\"elementor-element elementor-element-748da536 e-con-full e-flex elementor-invisible e-con e-child\" data-id=\"748da536\" data-element_type=\"container\" data-e-type=\"container\" data-settings=\"{&quot;animation&quot;:&quot;fadeInRight&quot;}\">\n\t\t\t\t<div class=\"elementor-element elementor-element-6eac0fea elementor-widget elementor-widget-video\" data-id=\"6eac0fea\" data-element_type=\"widget\" data-e-type=\"widget\" data-settings=\"{&quot;youtube_url&quot;:&quot;https:\\\/\\\/www.youtube.com\\\/watch?v=NenXQ6lDP9U&quot;,&quot;autoplay&quot;:&quot;yes&quot;,&quot;video_type&quot;:&quot;youtube&quot;,&quot;controls&quot;:&quot;yes&quot;}\" data-widget_type=\"video.default\">\n\t\t\t\t<div class=\"elementor-widget-container\">\n\t\t\t\t\t\t\t<div class=\"elementor-wrapper elementor-open-inline\">\n\t\t\t<div class=\"elementor-video\"><\/div>\t\t<\/div>\n\t\t\t\t\t\t<\/div>\n\t\t\t\t<\/div>\n\t\t\t\t<\/div>\n\t\t\t\t<\/div>\n\t\t\t\t\t<\/div>\n\t\t\t\t<\/div>\n\t\t\t\t<\/div>\n\t\t<div class=\"elementor-element elementor-element-168c1b5d e-flex e-con-boxed e-con e-parent\" data-id=\"168c1b5d\" data-element_type=\"container\" data-e-type=\"container\">\n\t\t\t\t\t<div class=\"e-con-inner\">\n\t\t<div class=\"elementor-element elementor-element-55257387 e-con-full e-flex elementor-invisible e-con e-child\" data-id=\"55257387\" data-element_type=\"container\" data-e-type=\"container\" data-settings=\"{&quot;animation&quot;:&quot;fadeInUp&quot;}\">\n\t\t\t\t<div class=\"elementor-element elementor-element-1e3951e8 elementor-widget-divider--view-line elementor-widget elementor-widget-divider\" data-id=\"1e3951e8\" data-element_type=\"widget\" data-e-type=\"widget\" data-widget_type=\"divider.default\">\n\t\t\t\t<div class=\"elementor-widget-container\">\n\t\t\t\t\t\t\t<div class=\"elementor-divider\">\n\t\t\t<span class=\"elementor-divider-separator\">\n\t\t\t\t\t\t<\/span>\n\t\t<\/div>\n\t\t\t\t\t\t<\/div>\n\t\t\t\t<\/div>\n\t\t\t\t<div class=\"elementor-element elementor-element-fd02989 elementor-widget elementor-widget-text-editor\" data-id=\"fd02989\" data-element_type=\"widget\" data-e-type=\"widget\" data-widget_type=\"text-editor.default\">\n\t\t\t\t<div class=\"elementor-widget-container\">\n\t\t\t\t\t\t\t\t\t<p>Somos la Cooperativa No.1 en la prestaci\u00f3n de servicios integrales de Vigilancia y Seguridad Privada en Colombia, certificada con el Sello de Calidad ICONTEC, en la Norma y Est\u00e1ndares BASC y reconocida por Fenalco por nuestro compromiso con la Responsabilidad Social.<\/p><p>Nuestra prioridad es la cultura del servicio, la investigaci\u00f3n de mejores pr\u00e1cticas, capacitaci\u00f3n permanente de nuestros Asociados y empleados en temas de tecnolog\u00edas avanzadas y nuevas estrategias de mitigaci\u00f3n de riesgos, buscando as\u00ed, el mejoramiento continuo de nuestros procesos.<\/p><p>Y es este enfoque el que nos ha permitido expandir nuestra presencia a nivel nacional, con sedes en 3 ciudades del pa\u00eds: Medell\u00edn, Rionegro y Barranquilla. Donde somos reconocidos por nuestra experiencia, capacidad operativa y servicio de calidad para cuidar lo que m\u00e1s quieres.<\/p><p>Nuestra capacidad instalada: con un equipo humano competente y una avanzada tecnolog\u00eda; nos permite ofrecerles a nuestros clientes soluciones integrales de seguridad en 3 l\u00edneas de servicio: Vigilancia fija y m\u00f3vil, Servicio de Escolta y Medios tecnol\u00f3gicos.<\/p>\t\t\t\t\t\t\t\t<\/div>\n\t\t\t\t<\/div>\n\t\t\t\t<div class=\"elementor-element elementor-element-35df560 elementor-align-center elementor-widget elementor-widget-bdt-advanced-button\" data-id=\"35df560\" data-element_type=\"widget\" data-e-type=\"widget\" data-widget_type=\"bdt-advanced-button.default\">\n\t\t\t\t<div class=\"elementor-widget-container\">\n\t\t\t\t\t\t\t<div class=\"bdt-ep-button-wrapper\">\n\t\t\t<a href=\"#\" class=\"bdt-ep-attention-button bdt-ep-button bdt-ep-button-effect-c bdt-ep-button-size-md\">\n\t\t\t\t\t\t<div class=\"bdt-ep-button-content-wrapper bdt-flex bdt-flex-middle bdt-flex-center  \" data-text=\"\u00a1REALIZAR COTIZACI\u00d3N!\">\n\t\t\t\n\t\t\t<div class=\"bdt-ep-button-text\">\n\n\t\t\t\t<span class=\"avdbtn-text\">\n\t\t\t\t\t\u00a1REALIZAR COTIZACI\u00d3N!\t\t\t\t<\/span>\n\n\t\t\t\t\t\t\t<\/div>\n\n\t\t\t\n\t\t<\/div>\n\t\t\t\t\t<\/a>\n\t\t<\/div>\n\t\t\t\t\t\t<\/div>\n\t\t\t\t<\/div>\n\t\t\t\t<\/div>\n\t\t\t\t\t<\/div>\n\t\t\t\t<\/div>\n\t\t\t\t<\/div>\n\t\t","protected":false},"excerpt":{"rendered":"<p>NUESTRA COOPERATIVA \u00bfQUI\u00c9NES SOMOS? HABLA CON NOSOTROS Somos la Cooperativa No.1 en la prestaci\u00f3n de servicios integrales de Vigilancia y [&hellip;]<\/p>\n","protected":false},"author":1,"featured_media":0,"parent":0,"menu_order":0,"comment_status":"closed","ping_status":"closed","template":"","meta":{"site-sidebar-layout":"no-sidebar","site-content-layout":"","ast-site-content-layout":"full-width-container","site-content-style":"default","site-sidebar-style":"default","ast-global-header-display":"","ast-banner-title-visibility":"","ast-main-header-display":"","ast-hfb-above-header-display":"","ast-hfb-below-header-display":"","ast-hfb-mobile-header-display":"","site-post-title":"disabled","ast-breadcrumbs-content":"","ast-featured-img":"disabled","footer-sml-layout":"","theme-transparent-header-meta":"","adv-header-id-meta":"","stick-header-meta":"","header-above-stick-meta":"","header-main-stick-meta":"","header-below-stick-meta":"","astra-migrate-meta-layouts":"default","ast-page-background-enabled":"default","ast-page-background-meta":{"desktop":{"background-color":"var(--ast-global-color-4)","background-image":"","background-repeat":"repeat","background-position":"center center","background-size":"auto","background-attachment":"scroll","background-type":"","background-media":"","overlay-type":"","overlay-color":"","overlay-opacity":"","overlay-gradient":""},"tablet":{"background-color":"","background-image":"","background-repeat":"repeat","background-position":"center center","background-size":"auto","background-attachment":"scroll","background-type":"","background-media":"","overlay-type":"","overlay-color":"","overlay-opacity":"","overlay-gradient":""},"mobile":{"background-color":"","background-image":"","background-repeat":"repeat","background-position":"center center","background-size":"auto","background-attachment":"scroll","background-type":"","background-media":"","overlay-type":"","overlay-color":"","overlay-opacity":"","overlay-gradient":""}},"ast-content-background-meta":{"desktop":{"background-color":"var(--ast-global-color-5)","background-image":"","background-repeat":"repeat","background-position":"center center","background-size":"auto","background-attachment":"scroll","background-type":"","background-media":"","overlay-type":"","overlay-color":"","overlay-opacity":"","overlay-gradient":""},"tablet":{"background-color":"var(--ast-global-color-5)","background-image":"","background-repeat":"repeat","background-position":"center center","background-size":"auto","background-attachment":"scroll","background-type":"","background-media":"","overlay-type":"","overlay-color":"","overlay-opacity":"","overlay-gradient":""},"mobile":{"background-color":"var(--ast-global-color-5)","background-image":"","background-repeat":"repeat","background-position":"center center","background-size":"auto","background-attachment":"scroll","background-type":"","background-media":"","overlay-type":"","overlay-color":"","overlay-opacity":"","overlay-gradient":""}},"_joinchat":[],"footnotes":""},"class_list":["post-641","page","type-page","status-publish","hentry"],"yoast_head":"<!-- This site is optimized with the Yoast SEO Premium plugin v27.0 (Yoast SEO v27.0) - https:\/\/yoast.com\/product\/yoast-seo-premium-wordpress\/ -->\n<title>\u00bfQuienes Somos? - COOPEVIAN CTA<\/title>\n<meta name=\"robots\" content=\"index, follow, max-snippet:-1, max-image-preview:large, max-video-preview:-1\" \/>\n<link rel=\"canonical\" href=\"https:\/\/www.coopevian.com\/web2024\/quienes-somos\/\" \/>\n<meta property=\"og:locale\" content=\"es_ES\" \/>\n<meta property=\"og:type\" content=\"article\" \/>\n<meta property=\"og:title\" content=\"\u00bfQuienes Somos?\" \/>\n<meta property=\"og:description\" content=\"NUESTRA COOPERATIVA \u00bfQUI\u00c9NES SOMOS? HABLA CON NOSOTROS Somos la Cooperativa No.1 en la prestaci\u00f3n de servicios integrales de Vigilancia y [&hellip;]\" \/>\n<meta property=\"og:url\" content=\"https:\/\/www.coopevian.com\/web2024\/quienes-somos\/\" \/>\n<meta property=\"og:site_name\" content=\"COOPEVIAN CTA\" \/>\n<meta property=\"article:publisher\" content=\"https:\/\/www.facebook.com\/Coopevian\/\" \/>\n<meta property=\"article:modified_time\" content=\"2026-01-30T15:46:52+00:00\" \/>\n<meta name=\"twitter:card\" content=\"summary_large_image\" \/>\n<meta name=\"twitter:label1\" content=\"Tiempo de lectura\" \/>\n\t<meta name=\"twitter:data1\" content=\"1 minuto\" \/>\n<script type=\"application\/ld+json\" class=\"yoast-schema-graph\">{\"@context\":\"https:\/\/schema.org\",\"@graph\":[{\"@type\":\"WebPage\",\"@id\":\"https:\/\/www.coopevian.com\/web2024\/quienes-somos\/\",\"url\":\"https:\/\/www.coopevian.com\/web2024\/quienes-somos\/\",\"name\":\"\u00bfQuienes Somos? - COOPEVIAN CTA\",\"isPartOf\":{\"@id\":\"https:\/\/www.coopevian.com\/web2024\/#website\"},\"datePublished\":\"2024-10-08T14:32:20+00:00\",\"dateModified\":\"2026-01-30T15:46:52+00:00\",\"breadcrumb\":{\"@id\":\"https:\/\/www.coopevian.com\/web2024\/quienes-somos\/#breadcrumb\"},\"inLanguage\":\"es\",\"potentialAction\":[{\"@type\":\"ReadAction\",\"target\":[\"https:\/\/www.coopevian.com\/web2024\/quienes-somos\/\"]}]},{\"@type\":\"BreadcrumbList\",\"@id\":\"https:\/\/www.coopevian.com\/web2024\/quienes-somos\/#breadcrumb\",\"itemListElement\":[{\"@type\":\"ListItem\",\"position\":1,\"name\":\"Inicio\",\"item\":\"https:\/\/www.coopevian.com\/web2024\/\"},{\"@type\":\"ListItem\",\"position\":2,\"name\":\"\u00bfQuienes Somos?\"}]},{\"@type\":\"WebSite\",\"@id\":\"https:\/\/www.coopevian.com\/web2024\/#website\",\"url\":\"https:\/\/www.coopevian.com\/web2024\/\",\"name\":\"COOPEVIAN CTA\",\"description\":\"Cuidando lo que m\u00e1s quieres\",\"publisher\":{\"@id\":\"https:\/\/www.coopevian.com\/web2024\/#organization\"},\"potentialAction\":[{\"@type\":\"SearchAction\",\"target\":{\"@type\":\"EntryPoint\",\"urlTemplate\":\"https:\/\/www.coopevian.com\/web2024\/?s={search_term_string}\"},\"query-input\":{\"@type\":\"PropertyValueSpecification\",\"valueRequired\":true,\"valueName\":\"search_term_string\"}}],\"inLanguage\":\"es\"},{\"@type\":\"Organization\",\"@id\":\"https:\/\/www.coopevian.com\/web2024\/#organization\",\"name\":\"COOPEVIAN CTA\",\"url\":\"https:\/\/www.coopevian.com\/web2024\/\",\"logo\":{\"@type\":\"ImageObject\",\"inLanguage\":\"es\",\"@id\":\"https:\/\/www.coopevian.com\/web2024\/#\/schema\/logo\/image\/\",\"url\":\"https:\/\/www.coopevian.com\/web2024\/wp-content\/uploads\/2024\/09\/logo_coopevian_b.svg\",\"contentUrl\":\"https:\/\/www.coopevian.com\/web2024\/wp-content\/uploads\/2024\/09\/logo_coopevian_b.svg\",\"width\":212,\"height\":70,\"caption\":\"COOPEVIAN CTA\"},\"image\":{\"@id\":\"https:\/\/www.coopevian.com\/web2024\/#\/schema\/logo\/image\/\"},\"sameAs\":[\"https:\/\/www.facebook.com\/Coopevian\/\",\"https:\/\/www.youtube.com\/@CoopevianCTA\",\"https:\/\/www.instagram.com\/coopevian\/\",\"https:\/\/co.linkedin.com\/company\/coopevian-cta\"]}]}<\/script>\n<!-- \/ Yoast SEO Premium plugin. -->","yoast_head_json":{"title":"\u00bfQuienes Somos? - COOPEVIAN CTA","robots":{"index":"index","follow":"follow","max-snippet":"max-snippet:-1","max-image-preview":"max-image-preview:large","max-video-preview":"max-video-preview:-1"},"canonical":"https:\/\/www.coopevian.com\/web2024\/quienes-somos\/","og_locale":"es_ES","og_type":"article","og_title":"\u00bfQuienes Somos?","og_description":"NUESTRA COOPERATIVA \u00bfQUI\u00c9NES SOMOS? HABLA CON NOSOTROS Somos la Cooperativa No.1 en la prestaci\u00f3n de servicios integrales de Vigilancia y [&hellip;]","og_url":"https:\/\/www.coopevian.com\/web2024\/quienes-somos\/","og_site_name":"COOPEVIAN CTA","article_publisher":"https:\/\/www.facebook.com\/Coopevian\/","article_modified_time":"2026-01-30T15:46:52+00:00","twitter_card":"summary_large_image","twitter_misc":{"Tiempo de lectura":"1 minuto"},"schema":{"@context":"https:\/\/schema.org","@graph":[{"@type":"WebPage","@id":"https:\/\/www.coopevian.com\/web2024\/quienes-somos\/","url":"https:\/\/www.coopevian.com\/web2024\/quienes-somos\/","name":"\u00bfQuienes Somos? - COOPEVIAN CTA","isPartOf":{"@id":"https:\/\/www.coopevian.com\/web2024\/#website"},"datePublished":"2024-10-08T14:32:20+00:00","dateModified":"2026-01-30T15:46:52+00:00","breadcrumb":{"@id":"https:\/\/www.coopevian.com\/web2024\/quienes-somos\/#breadcrumb"},"inLanguage":"es","potentialAction":[{"@type":"ReadAction","target":["https:\/\/www.coopevian.com\/web2024\/quienes-somos\/"]}]},{"@type":"BreadcrumbList","@id":"https:\/\/www.coopevian.com\/web2024\/quienes-somos\/#breadcrumb","itemListElement":[{"@type":"ListItem","position":1,"name":"Inicio","item":"https:\/\/www.coopevian.com\/web2024\/"},{"@type":"ListItem","position":2,"name":"\u00bfQuienes Somos?"}]},{"@type":"WebSite","@id":"https:\/\/www.coopevian.com\/web2024\/#website","url":"https:\/\/www.coopevian.com\/web2024\/","name":"COOPEVIAN CTA","description":"Cuidando lo que m\u00e1s quieres","publisher":{"@id":"https:\/\/www.coopevian.com\/web2024\/#organization"},"potentialAction":[{"@type":"SearchAction","target":{"@type":"EntryPoint","urlTemplate":"https:\/\/www.coopevian.com\/web2024\/?s={search_term_string}"},"query-input":{"@type":"PropertyValueSpecification","valueRequired":true,"valueName":"search_term_string"}}],"inLanguage":"es"},{"@type":"Organization","@id":"https:\/\/www.coopevian.com\/web2024\/#organization","name":"COOPEVIAN CTA","url":"https:\/\/www.coopevian.com\/web2024\/","logo":{"@type":"ImageObject","inLanguage":"es","@id":"https:\/\/www.coopevian.com\/web2024\/#\/schema\/logo\/image\/","url":"https:\/\/www.coopevian.com\/web2024\/wp-content\/uploads\/2024\/09\/logo_coopevian_b.svg","contentUrl":"https:\/\/www.coopevian.com\/web2024\/wp-content\/uploads\/2024\/09\/logo_coopevian_b.svg","width":212,"height":70,"caption":"COOPEVIAN CTA"},"image":{"@id":"https:\/\/www.coopevian.com\/web2024\/#\/schema\/logo\/image\/"},"sameAs":["https:\/\/www.facebook.com\/Coopevian\/","https:\/\/www.youtube.com\/@CoopevianCTA","https:\/\/www.instagram.com\/coopevian\/","https:\/\/co.linkedin.com\/company\/coopevian-cta"]}]}},"_links":{"self":[{"href":"https:\/\/www.coopevian.com\/web2024\/wp-json\/wp\/v2\/pages\/641","targetHints":{"allow":["GET"]}}],"collection":[{"href":"https:\/\/www.coopevian.com\/web2024\/wp-json\/wp\/v2\/pages"}],"about":[{"href":"https:\/\/www.coopevian.com\/web2024\/wp-json\/wp\/v2\/types\/page"}],"author":[{"embeddable":true,"href":"https:\/\/www.coopevian.com\/web2024\/wp-json\/wp\/v2\/users\/1"}],"replies":[{"embeddable":true,"href":"https:\/\/www.coopevian.com\/web2024\/wp-json\/wp\/v2\/comments?post=641"}],"version-history":[{"count":34,"href":"https:\/\/www.coopevian.com\/web2024\/wp-json\/wp\/v2\/pages\/641\/revisions"}],"predecessor-version":[{"id":8360,"href":"https:\/\/www.coopevian.com\/web2024\/wp-json\/wp\/v2\/pages\/641\/revisions\/8360"}],"wp:attachment":[{"href":"https:\/\/www.coopevian.com\/web2024\/wp-json\/wp\/v2\/media?parent=641"}],"curies":[{"name":"wp","href":"https:\/\/api.w.org\/{rel}","templated":true}]}}