{"id":8536,"date":"2026-02-17T14:12:20","date_gmt":"2026-02-17T14:12:20","guid":{"rendered":"https:\/\/www.coopevian.com\/web2024\/?page_id=8536"},"modified":"2026-02-17T15:32:21","modified_gmt":"2026-02-17T15:32:21","slug":"ccoop-clientes","status":"publish","type":"page","link":"https:\/\/www.coopevian.com\/web2024\/ccoop-clientes\/","title":{"rendered":"CCOOP &#8211; Clientes 24\/7"},"content":{"rendered":"\t\t<div data-elementor-type=\"wp-page\" data-elementor-id=\"8536\" class=\"elementor elementor-8536\" data-elementor-settings=\"{&quot;element_pack_global_tooltip_width&quot;:{&quot;unit&quot;:&quot;px&quot;,&quot;size&quot;:&quot;&quot;,&quot;sizes&quot;:[]},&quot;element_pack_global_tooltip_width_tablet&quot;:{&quot;unit&quot;:&quot;px&quot;,&quot;size&quot;:&quot;&quot;,&quot;sizes&quot;:[]},&quot;element_pack_global_tooltip_width_mobile&quot;:{&quot;unit&quot;:&quot;px&quot;,&quot;size&quot;:&quot;&quot;,&quot;sizes&quot;:[]},&quot;element_pack_global_tooltip_padding&quot;:{&quot;unit&quot;:&quot;px&quot;,&quot;top&quot;:&quot;&quot;,&quot;right&quot;:&quot;&quot;,&quot;bottom&quot;:&quot;&quot;,&quot;left&quot;:&quot;&quot;,&quot;isLinked&quot;:true},&quot;element_pack_global_tooltip_padding_tablet&quot;:{&quot;unit&quot;:&quot;px&quot;,&quot;top&quot;:&quot;&quot;,&quot;right&quot;:&quot;&quot;,&quot;bottom&quot;:&quot;&quot;,&quot;left&quot;:&quot;&quot;,&quot;isLinked&quot;:true},&quot;element_pack_global_tooltip_padding_mobile&quot;:{&quot;unit&quot;:&quot;px&quot;,&quot;top&quot;:&quot;&quot;,&quot;right&quot;:&quot;&quot;,&quot;bottom&quot;:&quot;&quot;,&quot;left&quot;:&quot;&quot;,&quot;isLinked&quot;:true},&quot;element_pack_global_tooltip_border_radius&quot;:{&quot;unit&quot;:&quot;px&quot;,&quot;top&quot;:&quot;&quot;,&quot;right&quot;:&quot;&quot;,&quot;bottom&quot;:&quot;&quot;,&quot;left&quot;:&quot;&quot;,&quot;isLinked&quot;:true},&quot;element_pack_global_tooltip_border_radius_tablet&quot;:{&quot;unit&quot;:&quot;px&quot;,&quot;top&quot;:&quot;&quot;,&quot;right&quot;:&quot;&quot;,&quot;bottom&quot;:&quot;&quot;,&quot;left&quot;:&quot;&quot;,&quot;isLinked&quot;:true},&quot;element_pack_global_tooltip_border_radius_mobile&quot;:{&quot;unit&quot;:&quot;px&quot;,&quot;top&quot;:&quot;&quot;,&quot;right&quot;:&quot;&quot;,&quot;bottom&quot;:&quot;&quot;,&quot;left&quot;:&quot;&quot;,&quot;isLinked&quot;:true}}\" data-elementor-post-type=\"page\">\n\t\t\t\t<div data-dce-background-overlay-image-url=\"https:\/\/www.coopevian.com\/web2024\/wp-content\/uploads\/2024\/10\/banner_trabaje.webp\" class=\"elementor-element elementor-element-92dd4d2 e-con-full e-flex elementor-invisible e-con e-parent\" data-id=\"92dd4d2\" data-element_type=\"container\" data-e-type=\"container\" data-settings=\"{&quot;background_background&quot;:&quot;classic&quot;,&quot;animation&quot;:&quot;fadeIn&quot;}\">\n\t\t<div class=\"elementor-element elementor-element-3dbe6363 e-flex e-con-boxed e-con e-child\" data-id=\"3dbe6363\" data-element_type=\"container\" data-e-type=\"container\">\n\t\t\t\t\t<div class=\"e-con-inner\">\n\t\t<div class=\"elementor-element elementor-element-4078c0a5 e-con-full e-flex e-con e-child\" data-id=\"4078c0a5\" data-element_type=\"container\" data-e-type=\"container\">\n\t\t\t\t<div class=\"elementor-element elementor-element-4db88983 elementor-widget elementor-widget-heading\" data-id=\"4db88983\" data-element_type=\"widget\" data-e-type=\"widget\" data-widget_type=\"heading.default\">\n\t\t\t\t<div class=\"elementor-widget-container\">\n\t\t\t\t\t<h4 class=\"elementor-heading-title elementor-size-default\">CCOOP - CLIENTES 24\/7<\/h4>\t\t\t\t<\/div>\n\t\t\t\t<\/div>\n\t\t\t\t<div class=\"elementor-element elementor-element-2a2f4795 elementor-widget-divider--view-line elementor-widget elementor-widget-divider\" data-id=\"2a2f4795\" data-element_type=\"widget\" data-e-type=\"widget\" data-widget_type=\"divider.default\">\n\t\t\t\t<div class=\"elementor-widget-container\">\n\t\t\t\t\t\t\t<div class=\"elementor-divider\">\n\t\t\t<span class=\"elementor-divider-separator\">\n\t\t\t\t\t\t<\/span>\n\t\t<\/div>\n\t\t\t\t\t\t<\/div>\n\t\t\t\t<\/div>\n\t\t\t\t<div class=\"elementor-element elementor-element-6c21cdcc elementor-align-left elementor-widget elementor-widget-breadcrumbs\" data-id=\"6c21cdcc\" data-element_type=\"widget\" data-e-type=\"widget\" data-widget_type=\"breadcrumbs.default\">\n\t\t\t\t<div class=\"elementor-widget-container\">\n\t\t\t\t\t<p id=\"breadcrumbs\"><span><span><a href=\"https:\/\/www.coopevian.com\/web2024\/\">Inicio<\/a><\/span><\/span><\/p>\t\t\t\t<\/div>\n\t\t\t\t<\/div>\n\t\t\t\t<\/div>\n\t\t\t\t\t<\/div>\n\t\t\t\t<\/div>\n\t\t\t\t<\/div>\n\t\t<div class=\"elementor-element elementor-element-c31f744 e-flex e-con-boxed elementor-invisible e-con e-parent\" data-id=\"c31f744\" data-element_type=\"container\" data-e-type=\"container\" data-settings=\"{&quot;background_background&quot;:&quot;classic&quot;,&quot;animation&quot;:&quot;fadeInUp&quot;}\">\n\t\t\t\t\t<div class=\"e-con-inner\">\n\t\t<div class=\"elementor-element elementor-element-fd71dad e-con-full e-flex e-con e-child\" data-id=\"fd71dad\" data-element_type=\"container\" data-e-type=\"container\">\n\t\t<div class=\"elementor-element elementor-element-7f16588 e-con-full e-flex e-con e-child\" data-id=\"7f16588\" data-element_type=\"container\" data-e-type=\"container\">\n\t\t\t\t<div class=\"elementor-element elementor-element-0c033b1 elementor-widget elementor-widget-heading\" data-id=\"0c033b1\" data-element_type=\"widget\" data-e-type=\"widget\" data-widget_type=\"heading.default\">\n\t\t\t\t<div class=\"elementor-widget-container\">\n\t\t\t\t\t<h1 class=\"elementor-heading-title elementor-size-default\">Central de Operaciones (Sat\u00e9lite)<\/h1>\t\t\t\t<\/div>\n\t\t\t\t<\/div>\n\t\t\t\t<div class=\"elementor-element elementor-element-86eb29e elementor-widget-divider--view-line elementor-widget elementor-widget-divider\" data-id=\"86eb29e\" data-element_type=\"widget\" data-e-type=\"widget\" data-widget_type=\"divider.default\">\n\t\t\t\t<div class=\"elementor-widget-container\">\n\t\t\t\t\t\t\t<div class=\"elementor-divider\">\n\t\t\t<span class=\"elementor-divider-separator\">\n\t\t\t\t\t\t<\/span>\n\t\t<\/div>\n\t\t\t\t\t\t<\/div>\n\t\t\t\t<\/div>\n\t\t\t\t<div class=\"elementor-element elementor-element-239def5 elementor-widget elementor-widget-text-editor\" data-id=\"239def5\" data-element_type=\"widget\" data-e-type=\"widget\" data-widget_type=\"text-editor.default\">\n\t\t\t\t<div class=\"elementor-widget-container\">\n\t\t\t\t\t\t\t\t\t<p>Con el fin de fortalecer la comunicaci\u00f3n directa con nuestros clientes, Coopevian habilita una nueva l\u00ednea telef\u00f3nica exclusiva para el reporte de novedades 24\/7<\/p>\t\t\t\t\t\t\t\t<\/div>\n\t\t\t\t<\/div>\n\t\t\t\t<\/div>\n\t\t\t\t<\/div>\n\t\t\t\t\t<\/div>\n\t\t\t\t<\/div>\n\t\t<div class=\"elementor-element elementor-element-e9ff66b e-flex e-con-boxed elementor-invisible e-con e-parent\" data-id=\"e9ff66b\" data-element_type=\"container\" data-e-type=\"container\" data-settings=\"{&quot;background_background&quot;:&quot;classic&quot;,&quot;animation&quot;:&quot;fadeInUp&quot;}\">\n\t\t\t\t\t<div class=\"e-con-inner\">\n\t\t<div class=\"elementor-element elementor-element-3f30a35 e-con-full e-flex e-con e-child\" data-id=\"3f30a35\" data-element_type=\"container\" data-e-type=\"container\">\n\t\t\t\t<div class=\"elementor-element elementor-element-6d06657 elementor-widget elementor-widget-image\" data-id=\"6d06657\" data-element_type=\"widget\" data-e-type=\"widget\" data-widget_type=\"image.default\">\n\t\t\t\t<div class=\"elementor-widget-container\">\n\t\t\t\t\t\t\t\t\t\t\t\t\t\t\t<img fetchpriority=\"high\" decoding=\"async\" width=\"1080\" height=\"1080\" src=\"https:\/\/www.coopevian.com\/web2024\/wp-content\/uploads\/2026\/02\/FICHA-CCOOP-CLIENTES-COOPEVIAN-WEB.jpg\" class=\"attachment-2048x2048 size-2048x2048 wp-image-8543\" alt=\"\" srcset=\"https:\/\/www.coopevian.com\/web2024\/wp-content\/uploads\/2026\/02\/FICHA-CCOOP-CLIENTES-COOPEVIAN-WEB.jpg 1080w, https:\/\/www.coopevian.com\/web2024\/wp-content\/uploads\/2026\/02\/FICHA-CCOOP-CLIENTES-COOPEVIAN-WEB-300x300.jpg 300w, https:\/\/www.coopevian.com\/web2024\/wp-content\/uploads\/2026\/02\/FICHA-CCOOP-CLIENTES-COOPEVIAN-WEB-1024x1024.jpg 1024w, https:\/\/www.coopevian.com\/web2024\/wp-content\/uploads\/2026\/02\/FICHA-CCOOP-CLIENTES-COOPEVIAN-WEB-150x150.jpg 150w, https:\/\/www.coopevian.com\/web2024\/wp-content\/uploads\/2026\/02\/FICHA-CCOOP-CLIENTES-COOPEVIAN-WEB-768x768.jpg 768w\" sizes=\"(max-width: 1080px) 100vw, 1080px\" \/>\t\t\t\t\t\t\t\t\t\t\t\t\t\t\t<\/div>\n\t\t\t\t<\/div>\n\t\t\t\t<\/div>\n\t\t\t\t\t<\/div>\n\t\t\t\t<\/div>\n\t\t\t\t<\/div>\n\t\t","protected":false},"excerpt":{"rendered":"<p>CCOOP &#8211; CLIENTES 24\/7 Central de Operaciones (Sat\u00e9lite) Con el fin de fortalecer la comunicaci\u00f3n directa con nuestros clientes, Coopevian [&hellip;]<\/p>\n","protected":false},"author":4,"featured_media":0,"parent":0,"menu_order":0,"comment_status":"closed","ping_status":"closed","template":"","meta":{"site-sidebar-layout":"no-sidebar","site-content-layout":"","ast-site-content-layout":"full-width-container","site-content-style":"default","site-sidebar-style":"default","ast-global-header-display":"","ast-banner-title-visibility":"","ast-main-header-display":"","ast-hfb-above-header-display":"","ast-hfb-below-header-display":"","ast-hfb-mobile-header-display":"","site-post-title":"disabled","ast-breadcrumbs-content":"","ast-featured-img":"disabled","footer-sml-layout":"","theme-transparent-header-meta":"default","adv-header-id-meta":"","stick-header-meta":"","header-above-stick-meta":"","header-main-stick-meta":"","header-below-stick-meta":"","astra-migrate-meta-layouts":"set","ast-page-background-enabled":"default","ast-page-background-meta":{"desktop":{"background-color":"var(--ast-global-color-4)","background-image":"","background-repeat":"repeat","background-position":"center center","background-size":"auto","background-attachment":"scroll","background-type":"","background-media":"","overlay-type":"","overlay-color":"","overlay-opacity":"","overlay-gradient":""},"tablet":{"background-color":"","background-image":"","background-repeat":"repeat","background-position":"center center","background-size":"auto","background-attachment":"scroll","background-type":"","background-media":"","overlay-type":"","overlay-color":"","overlay-opacity":"","overlay-gradient":""},"mobile":{"background-color":"","background-image":"","background-repeat":"repeat","background-position":"center center","background-size":"auto","background-attachment":"scroll","background-type":"","background-media":"","overlay-type":"","overlay-color":"","overlay-opacity":"","overlay-gradient":""}},"ast-content-background-meta":{"desktop":{"background-color":"var(--ast-global-color-5)","background-image":"","background-repeat":"repeat","background-position":"center center","background-size":"auto","background-attachment":"scroll","background-type":"","background-media":"","overlay-type":"","overlay-color":"","overlay-opacity":"","overlay-gradient":""},"tablet":{"background-color":"var(--ast-global-color-5)","background-image":"","background-repeat":"repeat","background-position":"center center","background-size":"auto","background-attachment":"scroll","background-type":"","background-media":"","overlay-type":"","overlay-color":"","overlay-opacity":"","overlay-gradient":""},"mobile":{"background-color":"var(--ast-global-color-5)","background-image":"","background-repeat":"repeat","background-position":"center center","background-size":"auto","background-attachment":"scroll","background-type":"","background-media":"","overlay-type":"","overlay-color":"","overlay-opacity":"","overlay-gradient":""}},"_joinchat":[],"footnotes":""},"class_list":["post-8536","page","type-page","status-publish","hentry"],"yoast_head":"<!-- This site is optimized with the Yoast SEO Premium plugin v27.0 (Yoast SEO v27.0) - https:\/\/yoast.com\/product\/yoast-seo-premium-wordpress\/ -->\n<title>CCOOP - Clientes 24\/7 - COOPEVIAN CTA<\/title>\n<meta name=\"robots\" content=\"index, follow, max-snippet:-1, max-image-preview:large, max-video-preview:-1\" \/>\n<link rel=\"canonical\" href=\"https:\/\/www.coopevian.com\/web2024\/ccoop-clientes\/\" \/>\n<meta property=\"og:locale\" content=\"es_ES\" \/>\n<meta property=\"og:type\" content=\"article\" \/>\n<meta property=\"og:title\" content=\"CCOOP - Clientes 24\/7\" \/>\n<meta property=\"og:description\" content=\"CCOOP &#8211; CLIENTES 24\/7 Central de Operaciones (Sat\u00e9lite) Con el fin de fortalecer la comunicaci\u00f3n directa con nuestros clientes, Coopevian [&hellip;]\" \/>\n<meta property=\"og:url\" content=\"https:\/\/www.coopevian.com\/web2024\/ccoop-clientes\/\" \/>\n<meta property=\"og:site_name\" content=\"COOPEVIAN CTA\" \/>\n<meta property=\"article:publisher\" content=\"https:\/\/www.facebook.com\/Coopevian\/\" \/>\n<meta property=\"article:modified_time\" content=\"2026-02-17T15:32:21+00:00\" \/>\n<meta property=\"og:image\" content=\"https:\/\/www.coopevian.com\/web2024\/wp-content\/uploads\/2026\/02\/FICHA-CCOOP-CLIENTES-COOPEVIAN-WEB.jpg\" \/>\n<meta name=\"twitter:card\" content=\"summary_large_image\" \/>\n<meta name=\"twitter:label1\" content=\"Tiempo de lectura\" \/>\n\t<meta name=\"twitter:data1\" content=\"1 minuto\" \/>\n<script type=\"application\/ld+json\" class=\"yoast-schema-graph\">{\"@context\":\"https:\/\/schema.org\",\"@graph\":[{\"@type\":\"WebPage\",\"@id\":\"https:\/\/www.coopevian.com\/web2024\/ccoop-clientes\/\",\"url\":\"https:\/\/www.coopevian.com\/web2024\/ccoop-clientes\/\",\"name\":\"CCOOP - Clientes 24\/7 - COOPEVIAN CTA\",\"isPartOf\":{\"@id\":\"https:\/\/www.coopevian.com\/web2024\/#website\"},\"primaryImageOfPage\":{\"@id\":\"https:\/\/www.coopevian.com\/web2024\/ccoop-clientes\/#primaryimage\"},\"image\":{\"@id\":\"https:\/\/www.coopevian.com\/web2024\/ccoop-clientes\/#primaryimage\"},\"thumbnailUrl\":\"https:\/\/www.coopevian.com\/web2024\/wp-content\/uploads\/2026\/02\/FICHA-CCOOP-CLIENTES-COOPEVIAN-WEB.jpg\",\"datePublished\":\"2026-02-17T14:12:20+00:00\",\"dateModified\":\"2026-02-17T15:32:21+00:00\",\"breadcrumb\":{\"@id\":\"https:\/\/www.coopevian.com\/web2024\/ccoop-clientes\/#breadcrumb\"},\"inLanguage\":\"es\",\"potentialAction\":[{\"@type\":\"ReadAction\",\"target\":[\"https:\/\/www.coopevian.com\/web2024\/ccoop-clientes\/\"]}]},{\"@type\":\"ImageObject\",\"inLanguage\":\"es\",\"@id\":\"https:\/\/www.coopevian.com\/web2024\/ccoop-clientes\/#primaryimage\",\"url\":\"https:\/\/www.coopevian.com\/web2024\/wp-content\/uploads\/2026\/02\/FICHA-CCOOP-CLIENTES-COOPEVIAN-WEB.jpg\",\"contentUrl\":\"https:\/\/www.coopevian.com\/web2024\/wp-content\/uploads\/2026\/02\/FICHA-CCOOP-CLIENTES-COOPEVIAN-WEB.jpg\",\"width\":1080,\"height\":1080},{\"@type\":\"BreadcrumbList\",\"@id\":\"https:\/\/www.coopevian.com\/web2024\/ccoop-clientes\/#breadcrumb\",\"itemListElement\":[{\"@type\":\"ListItem\",\"position\":1,\"name\":\"Inicio\",\"item\":\"https:\/\/www.coopevian.com\/web2024\/\"},{\"@type\":\"ListItem\",\"position\":2,\"name\":\"CCOOP &#8211; Clientes 24\/7\"}]},{\"@type\":\"WebSite\",\"@id\":\"https:\/\/www.coopevian.com\/web2024\/#website\",\"url\":\"https:\/\/www.coopevian.com\/web2024\/\",\"name\":\"COOPEVIAN CTA\",\"description\":\"Cuidando lo que m\u00e1s quieres\",\"publisher\":{\"@id\":\"https:\/\/www.coopevian.com\/web2024\/#organization\"},\"potentialAction\":[{\"@type\":\"SearchAction\",\"target\":{\"@type\":\"EntryPoint\",\"urlTemplate\":\"https:\/\/www.coopevian.com\/web2024\/?s={search_term_string}\"},\"query-input\":{\"@type\":\"PropertyValueSpecification\",\"valueRequired\":true,\"valueName\":\"search_term_string\"}}],\"inLanguage\":\"es\"},{\"@type\":\"Organization\",\"@id\":\"https:\/\/www.coopevian.com\/web2024\/#organization\",\"name\":\"COOPEVIAN CTA\",\"url\":\"https:\/\/www.coopevian.com\/web2024\/\",\"logo\":{\"@type\":\"ImageObject\",\"inLanguage\":\"es\",\"@id\":\"https:\/\/www.coopevian.com\/web2024\/#\/schema\/logo\/image\/\",\"url\":\"https:\/\/www.coopevian.com\/web2024\/wp-content\/uploads\/2024\/09\/logo_coopevian_b.svg\",\"contentUrl\":\"https:\/\/www.coopevian.com\/web2024\/wp-content\/uploads\/2024\/09\/logo_coopevian_b.svg\",\"width\":212,\"height\":70,\"caption\":\"COOPEVIAN CTA\"},\"image\":{\"@id\":\"https:\/\/www.coopevian.com\/web2024\/#\/schema\/logo\/image\/\"},\"sameAs\":[\"https:\/\/www.facebook.com\/Coopevian\/\",\"https:\/\/www.youtube.com\/@CoopevianCTA\",\"https:\/\/www.instagram.com\/coopevian\/\",\"https:\/\/co.linkedin.com\/company\/coopevian-cta\"]}]}<\/script>\n<!-- \/ Yoast SEO Premium plugin. -->","yoast_head_json":{"title":"CCOOP - Clientes 24\/7 - COOPEVIAN CTA","robots":{"index":"index","follow":"follow","max-snippet":"max-snippet:-1","max-image-preview":"max-image-preview:large","max-video-preview":"max-video-preview:-1"},"canonical":"https:\/\/www.coopevian.com\/web2024\/ccoop-clientes\/","og_locale":"es_ES","og_type":"article","og_title":"CCOOP - Clientes 24\/7","og_description":"CCOOP &#8211; CLIENTES 24\/7 Central de Operaciones (Sat\u00e9lite) Con el fin de fortalecer la comunicaci\u00f3n directa con nuestros clientes, Coopevian [&hellip;]","og_url":"https:\/\/www.coopevian.com\/web2024\/ccoop-clientes\/","og_site_name":"COOPEVIAN CTA","article_publisher":"https:\/\/www.facebook.com\/Coopevian\/","article_modified_time":"2026-02-17T15:32:21+00:00","og_image":[{"url":"https:\/\/www.coopevian.com\/web2024\/wp-content\/uploads\/2026\/02\/FICHA-CCOOP-CLIENTES-COOPEVIAN-WEB.jpg","type":"","width":"","height":""}],"twitter_card":"summary_large_image","twitter_misc":{"Tiempo de lectura":"1 minuto"},"schema":{"@context":"https:\/\/schema.org","@graph":[{"@type":"WebPage","@id":"https:\/\/www.coopevian.com\/web2024\/ccoop-clientes\/","url":"https:\/\/www.coopevian.com\/web2024\/ccoop-clientes\/","name":"CCOOP - Clientes 24\/7 - COOPEVIAN CTA","isPartOf":{"@id":"https:\/\/www.coopevian.com\/web2024\/#website"},"primaryImageOfPage":{"@id":"https:\/\/www.coopevian.com\/web2024\/ccoop-clientes\/#primaryimage"},"image":{"@id":"https:\/\/www.coopevian.com\/web2024\/ccoop-clientes\/#primaryimage"},"thumbnailUrl":"https:\/\/www.coopevian.com\/web2024\/wp-content\/uploads\/2026\/02\/FICHA-CCOOP-CLIENTES-COOPEVIAN-WEB.jpg","datePublished":"2026-02-17T14:12:20+00:00","dateModified":"2026-02-17T15:32:21+00:00","breadcrumb":{"@id":"https:\/\/www.coopevian.com\/web2024\/ccoop-clientes\/#breadcrumb"},"inLanguage":"es","potentialAction":[{"@type":"ReadAction","target":["https:\/\/www.coopevian.com\/web2024\/ccoop-clientes\/"]}]},{"@type":"ImageObject","inLanguage":"es","@id":"https:\/\/www.coopevian.com\/web2024\/ccoop-clientes\/#primaryimage","url":"https:\/\/www.coopevian.com\/web2024\/wp-content\/uploads\/2026\/02\/FICHA-CCOOP-CLIENTES-COOPEVIAN-WEB.jpg","contentUrl":"https:\/\/www.coopevian.com\/web2024\/wp-content\/uploads\/2026\/02\/FICHA-CCOOP-CLIENTES-COOPEVIAN-WEB.jpg","width":1080,"height":1080},{"@type":"BreadcrumbList","@id":"https:\/\/www.coopevian.com\/web2024\/ccoop-clientes\/#breadcrumb","itemListElement":[{"@type":"ListItem","position":1,"name":"Inicio","item":"https:\/\/www.coopevian.com\/web2024\/"},{"@type":"ListItem","position":2,"name":"CCOOP &#8211; Clientes 24\/7"}]},{"@type":"WebSite","@id":"https:\/\/www.coopevian.com\/web2024\/#website","url":"https:\/\/www.coopevian.com\/web2024\/","name":"COOPEVIAN CTA","description":"Cuidando lo que m\u00e1s quieres","publisher":{"@id":"https:\/\/www.coopevian.com\/web2024\/#organization"},"potentialAction":[{"@type":"SearchAction","target":{"@type":"EntryPoint","urlTemplate":"https:\/\/www.coopevian.com\/web2024\/?s={search_term_string}"},"query-input":{"@type":"PropertyValueSpecification","valueRequired":true,"valueName":"search_term_string"}}],"inLanguage":"es"},{"@type":"Organization","@id":"https:\/\/www.coopevian.com\/web2024\/#organization","name":"COOPEVIAN CTA","url":"https:\/\/www.coopevian.com\/web2024\/","logo":{"@type":"ImageObject","inLanguage":"es","@id":"https:\/\/www.coopevian.com\/web2024\/#\/schema\/logo\/image\/","url":"https:\/\/www.coopevian.com\/web2024\/wp-content\/uploads\/2024\/09\/logo_coopevian_b.svg","contentUrl":"https:\/\/www.coopevian.com\/web2024\/wp-content\/uploads\/2024\/09\/logo_coopevian_b.svg","width":212,"height":70,"caption":"COOPEVIAN CTA"},"image":{"@id":"https:\/\/www.coopevian.com\/web2024\/#\/schema\/logo\/image\/"},"sameAs":["https:\/\/www.facebook.com\/Coopevian\/","https:\/\/www.youtube.com\/@CoopevianCTA","https:\/\/www.instagram.com\/coopevian\/","https:\/\/co.linkedin.com\/company\/coopevian-cta"]}]}},"_links":{"self":[{"href":"https:\/\/www.coopevian.com\/web2024\/wp-json\/wp\/v2\/pages\/8536","targetHints":{"allow":["GET"]}}],"collection":[{"href":"https:\/\/www.coopevian.com\/web2024\/wp-json\/wp\/v2\/pages"}],"about":[{"href":"https:\/\/www.coopevian.com\/web2024\/wp-json\/wp\/v2\/types\/page"}],"author":[{"embeddable":true,"href":"https:\/\/www.coopevian.com\/web2024\/wp-json\/wp\/v2\/users\/4"}],"replies":[{"embeddable":true,"href":"https:\/\/www.coopevian.com\/web2024\/wp-json\/wp\/v2\/comments?post=8536"}],"version-history":[{"count":7,"href":"https:\/\/www.coopevian.com\/web2024\/wp-json\/wp\/v2\/pages\/8536\/revisions"}],"predecessor-version":[{"id":8546,"href":"https:\/\/www.coopevian.com\/web2024\/wp-json\/wp\/v2\/pages\/8536\/revisions\/8546"}],"wp:attachment":[{"href":"https:\/\/www.coopevian.com\/web2024\/wp-json\/wp\/v2\/media?parent=8536"}],"curies":[{"name":"wp","href":"https:\/\/api.w.org\/{rel}","templated":true}]}}